{"id":158,"date":"2025-08-09T20:24:24","date_gmt":"2025-08-09T23:24:24","guid":{"rendered":"https:\/\/sejastylofitness.com.br\/?page_id=158"},"modified":"2025-08-24T17:13:25","modified_gmt":"2025-08-24T20:13:25","slug":"trabalhe-conosco","status":"publish","type":"page","link":"https:\/\/sejastylofitness.com.br\/index.php\/trabalhe-conosco\/","title":{"rendered":"Trabalhe Conosco"},"content":{"rendered":"\t\t<div data-elementor-type=\"wp-page\" data-elementor-id=\"158\" class=\"elementor elementor-158\" data-elementor-post-type=\"page\">\n\t\t\t\t<div class=\"elementor-element elementor-element-8f9c425 e-con-full e-flex e-con e-parent\" data-id=\"8f9c425\" data-element_type=\"container\" data-e-type=\"container\" data-settings=\"{&quot;background_background&quot;:&quot;classic&quot;}\">\n\t\t<div class=\"elementor-element elementor-element-4afb309 e-flex e-con-boxed e-con e-child\" data-id=\"4afb309\" data-element_type=\"container\" data-e-type=\"container\">\n\t\t\t\t\t<div class=\"e-con-inner\">\n\t\t\t\t<div class=\"elementor-element elementor-element-4716776 elementor-widget elementor-widget-heading\" data-id=\"4716776\" data-element_type=\"widget\" data-e-type=\"widget\" data-widget_type=\"heading.default\">\n\t\t\t\t\t<h2 class=\"elementor-heading-title elementor-size-default\">TRABALHE CONOSCO<\/h2>\t\t\t\t<\/div>\n\t\t\t\t\t<\/div>\n\t\t\t\t<\/div>\n\t\t\t\t<\/div>\n\t\t<div class=\"elementor-element elementor-element-cd1f87d e-flex e-con-boxed e-con e-parent\" data-id=\"cd1f87d\" data-element_type=\"container\" data-e-type=\"container\">\n\t\t\t\t\t<div class=\"e-con-inner\">\n\t\t<div class=\"elementor-element elementor-element-bd99f92 e-con-full e-flex e-con e-child\" data-id=\"bd99f92\" data-element_type=\"container\" data-e-type=\"container\">\n\t\t\t\t<div class=\"elementor-element elementor-element-757bc86 elementor-widget elementor-widget-heading\" data-id=\"757bc86\" data-element_type=\"widget\" data-e-type=\"widget\" data-widget_type=\"heading.default\">\n\t\t\t\t\t<h2 class=\"elementor-heading-title elementor-size-default\">Fa\u00e7a parte do nosso time!<\/h2>\t\t\t\t<\/div>\n\t\t\t\t<div class=\"elementor-element elementor-element-c947576 elementor-icon-list--layout-traditional elementor-list-item-link-full_width elementor-widget elementor-widget-icon-list\" data-id=\"c947576\" data-element_type=\"widget\" data-e-type=\"widget\" data-widget_type=\"icon-list.default\">\n\t\t\t\t\t\t\t<ul class=\"elementor-icon-list-items\">\n\t\t\t\t\t\t\t<li class=\"elementor-icon-list-item\">\n\t\t\t\t\t\t\t\t\t\t\t<span class=\"elementor-icon-list-icon\">\n\t\t\t\t\t\t\t<svg aria-hidden=\"true\" class=\"e-font-icon-svg e-fas-dumbbell\" viewBox=\"0 0 640 512\" xmlns=\"http:\/\/www.w3.org\/2000\/svg\"><path d=\"M104 96H56c-13.3 0-24 10.7-24 24v104H8c-4.4 0-8 3.6-8 8v48c0 4.4 3.6 8 8 8h24v104c0 13.3 10.7 24 24 24h48c13.3 0 24-10.7 24-24V120c0-13.3-10.7-24-24-24zm528 128h-24V120c0-13.3-10.7-24-24-24h-48c-13.3 0-24 10.7-24 24v272c0 13.3 10.7 24 24 24h48c13.3 0 24-10.7 24-24V288h24c4.4 0 8-3.6 8-8v-48c0-4.4-3.6-8-8-8zM456 32h-48c-13.3 0-24 10.7-24 24v168H256V56c0-13.3-10.7-24-24-24h-48c-13.3 0-24 10.7-24 24v400c0 13.3 10.7 24 24 24h48c13.3 0 24-10.7 24-24V288h128v168c0 13.3 10.7 24 24 24h48c13.3 0 24-10.7 24-24V56c0-13.3-10.7-24-24-24z\"><\/path><\/svg>\t\t\t\t\t\t<\/span>\n\t\t\t\t\t\t\t\t\t\t<span class=\"elementor-icon-list-text\">Recepcionista\/Vendedor<\/span>\n\t\t\t\t\t\t\t\t\t<\/li>\n\t\t\t\t\t\t\t\t<li class=\"elementor-icon-list-item\">\n\t\t\t\t\t\t\t\t\t\t\t<span class=\"elementor-icon-list-icon\">\n\t\t\t\t\t\t\t<svg aria-hidden=\"true\" class=\"e-font-icon-svg e-fas-dumbbell\" viewBox=\"0 0 640 512\" xmlns=\"http:\/\/www.w3.org\/2000\/svg\"><path d=\"M104 96H56c-13.3 0-24 10.7-24 24v104H8c-4.4 0-8 3.6-8 8v48c0 4.4 3.6 8 8 8h24v104c0 13.3 10.7 24 24 24h48c13.3 0 24-10.7 24-24V120c0-13.3-10.7-24-24-24zm528 128h-24V120c0-13.3-10.7-24-24-24h-48c-13.3 0-24 10.7-24 24v272c0 13.3 10.7 24 24 24h48c13.3 0 24-10.7 24-24V288h24c4.4 0 8-3.6 8-8v-48c0-4.4-3.6-8-8-8zM456 32h-48c-13.3 0-24 10.7-24 24v168H256V56c0-13.3-10.7-24-24-24h-48c-13.3 0-24 10.7-24 24v400c0 13.3 10.7 24 24 24h48c13.3 0 24-10.7 24-24V288h128v168c0 13.3 10.7 24 24 24h48c13.3 0 24-10.7 24-24V56c0-13.3-10.7-24-24-24z\"><\/path><\/svg>\t\t\t\t\t\t<\/span>\n\t\t\t\t\t\t\t\t\t\t<span class=\"elementor-icon-list-text\">EST\u00c1GIO<\/span>\n\t\t\t\t\t\t\t\t\t<\/li>\n\t\t\t\t\t\t\t\t<li class=\"elementor-icon-list-item\">\n\t\t\t\t\t\t\t\t\t\t\t<span class=\"elementor-icon-list-icon\">\n\t\t\t\t\t\t\t<svg aria-hidden=\"true\" class=\"e-font-icon-svg e-fas-dumbbell\" viewBox=\"0 0 640 512\" xmlns=\"http:\/\/www.w3.org\/2000\/svg\"><path d=\"M104 96H56c-13.3 0-24 10.7-24 24v104H8c-4.4 0-8 3.6-8 8v48c0 4.4 3.6 8 8 8h24v104c0 13.3 10.7 24 24 24h48c13.3 0 24-10.7 24-24V120c0-13.3-10.7-24-24-24zm528 128h-24V120c0-13.3-10.7-24-24-24h-48c-13.3 0-24 10.7-24 24v272c0 13.3 10.7 24 24 24h48c13.3 0 24-10.7 24-24V288h24c4.4 0 8-3.6 8-8v-48c0-4.4-3.6-8-8-8zM456 32h-48c-13.3 0-24 10.7-24 24v168H256V56c0-13.3-10.7-24-24-24h-48c-13.3 0-24 10.7-24 24v400c0 13.3 10.7 24 24 24h48c13.3 0 24-10.7 24-24V288h128v168c0 13.3 10.7 24 24 24h48c13.3 0 24-10.7 24-24V56c0-13.3-10.7-24-24-24z\"><\/path><\/svg>\t\t\t\t\t\t<\/span>\n\t\t\t\t\t\t\t\t\t\t<span class=\"elementor-icon-list-text\">Instrutor de Muscula\u00e7\u00e3o (Graduado)<\/span>\n\t\t\t\t\t\t\t\t\t<\/li>\n\t\t\t\t\t\t<\/ul>\n\t\t\t\t\t\t<\/div>\n\t\t\t\t<div class=\"elementor-element elementor-element-1235500 elementor-view-default elementor-position-block-start elementor-mobile-position-block-start elementor-widget elementor-widget-icon-box\" data-id=\"1235500\" data-element_type=\"widget\" data-e-type=\"widget\" data-widget_type=\"icon-box.default\">\n\t\t\t\t\t\t\t<div class=\"elementor-icon-box-wrapper\">\n\n\t\t\t\t\t\t<div class=\"elementor-icon-box-icon\">\n\t\t\t\t<a href=\"https:\/\/wa.me\/554799655922\" class=\"elementor-icon\" tabindex=\"-1\">\n\t\t\t\t<svg aria-hidden=\"true\" class=\"e-font-icon-svg e-fab-whatsapp\" viewBox=\"0 0 448 512\" xmlns=\"http:\/\/www.w3.org\/2000\/svg\"><path d=\"M380.9 97.1C339 55.1 283.2 32 223.9 32c-122.4 0-222 99.6-222 222 0 39.1 10.2 77.3 29.6 111L0 480l117.7-30.9c32.4 17.7 68.9 27 106.1 27h.1c122.3 0 224.1-99.6 224.1-222 0-59.3-25.2-115-67.1-157zm-157 341.6c-33.2 0-65.7-8.9-94-25.7l-6.7-4-69.8 18.3L72 359.2l-4.4-7c-18.5-29.4-28.2-63.3-28.2-98.2 0-101.7 82.8-184.5 184.6-184.5 49.3 0 95.6 19.2 130.4 54.1 34.8 34.9 56.2 81.2 56.1 130.5 0 101.8-84.9 184.6-186.6 184.6zm101.2-138.2c-5.5-2.8-32.8-16.2-37.9-18-5.1-1.9-8.8-2.8-12.5 2.8-3.7 5.6-14.3 18-17.6 21.8-3.2 3.7-6.5 4.2-12 1.4-32.6-16.3-54-29.1-75.5-66-5.7-9.8 5.7-9.1 16.3-30.3 1.8-3.7.9-6.9-.5-9.7-1.4-2.8-12.5-30.1-17.1-41.2-4.5-10.8-9.1-9.3-12.5-9.5-3.2-.2-6.9-.2-10.6-.2-3.7 0-9.7 1.4-14.8 6.9-5.1 5.6-19.4 19-19.4 46.3 0 27.3 19.9 53.7 22.6 57.4 2.8 3.7 39.1 59.7 94.8 83.8 35.2 15.2 49 16.5 66.6 13.9 10.7-1.6 32.8-13.4 37.4-26.4 4.6-13 4.6-24.1 3.2-26.4-1.3-2.5-5-3.9-10.5-6.6z\"><\/path><\/svg>\t\t\t\t<\/a>\n\t\t\t<\/div>\n\t\t\t\n\t\t\t\t\t\t<div class=\"elementor-icon-box-content\">\n\n\t\t\t\t\n\t\t\t\t\t\t\t\t\t<p class=\"elementor-icon-box-description\">\n\t\t\t\t\t\tEntre em contato e deixe seu curr\u00edculo.\t\t\t\t\t<\/p>\n\t\t\t\t\n\t\t\t<\/div>\n\t\t\t\n\t\t<\/div>\n\t\t\t\t\t\t<\/div>\n\t\t\t\t<\/div>\n\t\t<div class=\"elementor-element elementor-element-16ee30c e-con-full e-flex e-con e-child\" data-id=\"16ee30c\" data-element_type=\"container\" data-e-type=\"container\">\n\t\t\t\t<div class=\"elementor-element elementor-element-b6c2fcc elementor-widget elementor-widget-image\" data-id=\"b6c2fcc\" data-element_type=\"widget\" data-e-type=\"widget\" data-widget_type=\"image.default\">\n\t\t\t\t\t\t\t\t\t\t\t\t\t\t\t<img fetchpriority=\"high\" decoding=\"async\" width=\"800\" height=\"600\" src=\"https:\/\/sejastylofitness.com.br\/wp-content\/uploads\/2025\/08\/img_trabalhe.jpg\" class=\"attachment-large size-large wp-image-174\" alt=\"\" srcset=\"https:\/\/sejastylofitness.com.br\/wp-content\/uploads\/2025\/08\/img_trabalhe.jpg 800w, https:\/\/sejastylofitness.com.br\/wp-content\/uploads\/2025\/08\/img_trabalhe-300x225.jpg 300w, https:\/\/sejastylofitness.com.br\/wp-content\/uploads\/2025\/08\/img_trabalhe-768x576.jpg 768w\" sizes=\"(max-width: 800px) 100vw, 800px\" \/>\t\t\t\t\t\t\t\t\t\t\t\t\t\t\t<\/div>\n\t\t\t\t<\/div>\n\t\t\t\t\t<\/div>\n\t\t\t\t<\/div>\n\t\t\t\t<\/div>\n\t\t","protected":false},"excerpt":{"rendered":"<p>TRABALHE CONOSCO Fa\u00e7a parte do nosso time! Recepcionista\/Vendedor EST\u00c1GIO Instrutor de Muscula\u00e7\u00e3o (Graduado) Entre em contato e deixe seu curr\u00edculo.<\/p>\n","protected":false},"author":1,"featured_media":0,"parent":0,"menu_order":0,"comment_status":"closed","ping_status":"closed","template":"","meta":{"footnotes":""},"class_list":["post-158","page","type-page","status-publish","hentry"],"_links":{"self":[{"href":"https:\/\/sejastylofitness.com.br\/index.php\/wp-json\/wp\/v2\/pages\/158","targetHints":{"allow":["GET"]}}],"collection":[{"href":"https:\/\/sejastylofitness.com.br\/index.php\/wp-json\/wp\/v2\/pages"}],"about":[{"href":"https:\/\/sejastylofitness.com.br\/index.php\/wp-json\/wp\/v2\/types\/page"}],"author":[{"embeddable":true,"href":"https:\/\/sejastylofitness.com.br\/index.php\/wp-json\/wp\/v2\/users\/1"}],"replies":[{"embeddable":true,"href":"https:\/\/sejastylofitness.com.br\/index.php\/wp-json\/wp\/v2\/comments?post=158"}],"version-history":[{"count":49,"href":"https:\/\/sejastylofitness.com.br\/index.php\/wp-json\/wp\/v2\/pages\/158\/revisions"}],"predecessor-version":[{"id":217,"href":"https:\/\/sejastylofitness.com.br\/index.php\/wp-json\/wp\/v2\/pages\/158\/revisions\/217"}],"wp:attachment":[{"href":"https:\/\/sejastylofitness.com.br\/index.php\/wp-json\/wp\/v2\/media?parent=158"}],"curies":[{"name":"wp","href":"https:\/\/api.w.org\/{rel}","templated":true}]}}